{"id":3081,"date":"2020-11-17T11:50:31","date_gmt":"2020-11-17T11:50:31","guid":{"rendered":"https:\/\/www.metallstark.at\/impressum\/"},"modified":"2023-01-17T13:11:04","modified_gmt":"2023-01-17T13:11:04","slug":"impressum","status":"publish","type":"page","link":"https:\/\/www.metallstark.at\/hu\/impressum\/","title":{"rendered":"Impressum"},"content":{"rendered":"<p>[et_pb_section fb_built=&#8221;1&#8243; _builder_version=&#8221;4.16&#8243; use_background_color_gradient=&#8221;on&#8221; background_color_gradient_stops=&#8221;#ffffff 0%|rgba(237,237,237,0.51) 100%&#8221; background_color_gradient_start=&#8221;#ffffff&#8221; background_color_gradient_end=&#8221;rgba(237,237,237,0.51)&#8221; global_colors_info=&#8221;{}&#8221;][et_pb_row _builder_version=&#8221;4.16&#8243; global_colors_info=&#8221;{}&#8221;][et_pb_column type=&#8221;4_4&#8243; _builder_version=&#8221;4.16&#8243; global_colors_info=&#8221;{}&#8221;][et_pb_text _builder_version=&#8221;4.16&#8243; global_colors_info=&#8221;{}&#8221;]<\/p>\n<p style=\"text-align: right;\"><span style=\"color: #000000;\"><a href=\"\/\" style=\"color: #000000;\"><strong>zur\u00fcck<\/strong><\/a><\/span><\/p>\n<p>[\/et_pb_text][et_pb_text admin_label=&#8221;Impressum&#8221; _builder_version=&#8221;4.16&#8243; text_font=&#8221;ZonaPro||||||||&#8221; text_text_color=&#8221;rgba(0,0,0,0.1)&#8221; text_font_size=&#8221;90px&#8221; text_line_height=&#8221;0.2em&#8221; header_font=&#8221;ZonaPro||||||||&#8221; header_2_font=&#8221;ZonaPro||||||||&#8221; header_2_font_size=&#8221;48px&#8221; text_orientation=&#8221;center&#8221; custom_margin=&#8221;||30px||false&#8221; custom_margin_tablet=&#8221;||0px|&#8221; custom_margin_phone=&#8221;&#8221; custom_margin_last_edited=&#8221;on|tablet&#8221; text_font_size_tablet=&#8221;80px&#8221; text_font_size_phone=&#8221;40px&#8221; text_font_size_last_edited=&#8221;on|desktop&#8221; header_2_font_size_tablet=&#8221;&#8221; header_2_font_size_phone=&#8221;30px&#8221; header_2_font_size_last_edited=&#8221;on|phone&#8221; locked=&#8221;off&#8221; inline_fonts=&#8221;ZonaPro&#8221; global_colors_info=&#8221;{}&#8221;]<\/p>\n<p><span style=\"font-family: ZonaPro;\">IMPRESSUM<\/span><\/p>\n<h2><span style=\"font-family: ZonaPro;\">Impressum<\/span><\/h2>\n<p>[\/et_pb_text][et_pb_text _builder_version=&#8221;4.19.4&#8243; hover_enabled=&#8221;0&#8243; global_colors_info=&#8221;{}&#8221; sticky_enabled=&#8221;0&#8243;]<\/p>\n<p>PINCZOLITSCH GmbH<br \/>metallstark<\/p>\n<p>A-7051 Gro\u00dfh\u00f6flein, Gusswerkstra\u00dfe 2<br \/>Telefon: +43 (0) 2682 63631-0<br \/>Fax: +43 (0) 2682 63631-20<br \/>E-Mail: info@metallstark.at<br \/>www.metallstark.at<\/p>\n<p>Gesch\u00e4ftsf\u00fchrer: Ing. Harald Marczinyas, Ewald Mogg<br \/>UID:\u00a0ATU66937639<br \/>FN: 372291m<br \/>Gerichtsstand: Eisenstadt<\/p>\n<p>F\u00fcr den Inhalt verantwortlich: Ing. Harald Marczinyas<\/p>\n<p>Urheberrecht und Linkhaftung<\/p>\n<p>Wir schlie\u00dfen jegliche Haftung \u2013 insbesondere f\u00fcr eventuelle Sch\u00e4den oder Konsequenzen, die durch die Nutzung der auf diesem Server dargestellten Inhalte entstehen \u2013 aus. Es wird keine Haftung f\u00fcr die Vollst\u00e4ndigkeit oder Richtigkeit der dargestellten Daten \u00fcbernommen. Es kann auch keine Haftung daf\u00fcr \u00fcbernommen werden, dass diese Daten frei von Rechten Dritter sind.<\/p>\n<p>Wir haben keinen Einfluss auf die Inhalte externer Webseiten. Aus dieser Website hinausf\u00fchrende Hyperlinks wurden nach Ansicht der verlinkten Seiten erstellt. Allerdings unterliegen Webseiten h\u00e4ufigen Ver\u00e4nderungen. Sollte deshalb ein externer Link nicht funktionieren oder nicht zum angegebenen Ziel f\u00fchren, teilen Sie uns das bitte mit \u2013 wir korrigieren etwaige Fehler gerne. Sollten Sie Grund zur Beanstandung \u00fcber Inhalte auf einer verlinkten Seite haben, setzen sie sich bitte mit dem Betreiber dieser Seite in Verbindung.<\/p>\n<p>Der gesamte Inhalt dieses Servers unterliegt dem Urheberrecht, insbesondere alle Grafiken, Fotos, Buttons und sonstigen Gestaltungselemente.<\/p>\n<p>[\/et_pb_text][et_pb_text module_id=&#8221;datenschutz&#8221; _builder_version=&#8221;4.16&#8243; global_colors_info=&#8221;{}&#8221;][\/et_pb_text][\/et_pb_column][\/et_pb_row][\/et_pb_section][et_pb_section fb_built=&#8221;1&#8243; _builder_version=&#8221;4.16&#8243; global_colors_info=&#8221;{}&#8221;][et_pb_row _builder_version=&#8221;4.16&#8243; global_colors_info=&#8221;{}&#8221;][et_pb_column type=&#8221;4_4&#8243; _builder_version=&#8221;4.16&#8243; global_colors_info=&#8221;{}&#8221;][et_pb_text admin_label=&#8221;Datenschutz&#8221; _builder_version=&#8221;4.16&#8243; text_font=&#8221;ZonaPro||||||||&#8221; text_text_color=&#8221;rgba(0,0,0,0.1)&#8221; text_font_size=&#8221;90px&#8221; text_line_height=&#8221;0.2em&#8221; header_font=&#8221;ZonaPro||||||||&#8221; header_2_font=&#8221;ZonaPro||||||||&#8221; header_2_font_size=&#8221;48px&#8221; text_orientation=&#8221;center&#8221; custom_margin=&#8221;||30px||false&#8221; custom_margin_tablet=&#8221;||0px|&#8221; custom_margin_phone=&#8221;&#8221; custom_margin_last_edited=&#8221;on|tablet&#8221; text_font_size_tablet=&#8221;80px&#8221; text_font_size_phone=&#8221;40px&#8221; text_font_size_last_edited=&#8221;on|desktop&#8221; header_2_font_size_tablet=&#8221;&#8221; header_2_font_size_phone=&#8221;25px&#8221; header_2_font_size_last_edited=&#8221;on|phone&#8221; locked=&#8221;off&#8221; inline_fonts=&#8221;ZonaPro&#8221; global_colors_info=&#8221;{}&#8221;]<\/p>\n<p><span style=\"font-family: ZonaPro;\">Datenschutz<\/span><\/p>\n<h2><span style=\"font-family: ZonaPro;\">Datenschutzerkl\u00e4rung<\/span><\/h2>\n<p>[\/et_pb_text][et_pb_text _builder_version=&#8221;4.16&#8243; global_colors_info=&#8221;{}&#8221;]<\/p>\n<p>&nbsp;<\/p>\n<p>Wir freuen uns \u00fcber Ihr Interesse an unserer Website. Der Schutz Ihrer personenbezogenen Daten bei der Erhebung, Verarbeitung und Nutzung anl\u00e4sslich Ihres Besuchs auf unserer Website ist uns ein wichtiges Anliegen.<\/p>\n<p>1. Rechtsgrundlage<br \/> Die EU-Datenschutz-Grundverordnung, das Datenschutzgesetz 2000 sowie das Daten-schutz-Anpassungsgesetz 2018 dienen dem Recht auf Schutz personenbezogener Daten. Wir verarbeiten Ihre Daten ausschlie\u00dflich auf Grundlage der gesetzlichen Bestimmungen (DSGVO, DSG 2018, TKG 2003).<\/p>\n<p>2. Grunds\u00e4tzliches<br \/> Verantwortlicher ist Ewald Mogg, dsgvo@pinczolitsch.at, 02682\/63631-0<br \/> Vertreter des Verantwortlichen ist Harald Marczinyas, dsgvo@pinczolitsch.at, 02682\/63631-0<\/p>\n<p>Uns ist es ein besonderes Anliegen, alle personenbezogenen Daten, die Sie uns anvertrauen, zu sch\u00fctzen und sicher zu verwahren. In diesem Dokument erfahren Sie mehr dar\u00fcber, wie wir Ihre personenbezogenen Daten verwenden und verarbeiten.<\/p>\n<p>3. Personenbezogene Daten<br \/> Personenbezogene Daten sind Informationen, die dazu genutzt werden k\u00f6nnen, Ihre Identit\u00e4t zu erfahren. Darunter fallen Ihr Name, die Adresse, Postanschrift und Telefonnummer. Informationen, die nicht mit Ihrer Identit\u00e4t in Verbindung gebracht werden (wie zum Beispiel Anzahl der Nutzer einer Internetseite), geh\u00f6ren nicht dazu. Die gesammelten personenbezogenen Daten ben\u00f6tigen wir f\u00fcr die Zusendung der von Ihnen angeforderter Unterlagen, wie z.B. Gratisreport, Angebotslegung zu Ihrer Anfrage, bzw. pers\u00f6nlichen R\u00fcckruf nach Ihrem Wunsch. Die Daten werden hierf\u00fcr erhoben, gespeichert, verarbeitet und genutzt. Die rechtlichen Grundlagen f\u00fcr die Verarbeitung von Ihren personenbezogenen Daten sind einerseits berechtigte Interessen, die Erf\u00fcllung unserer rechtlichen bzw. vertraglichen Verpflichtungen sowie andererseits Ihre Einwilligung (z.B. Kontaktformular, Cookies). Die Nichtbereitstellung der Daten kann unterschiedliche Folgen haben. Sie k\u00f6nnen unser Online-Angebot grunds\u00e4tzlich ohne Offenlegung Ihrer Identit\u00e4t nutzen. Wenn Sie unsere Website besuchen oder unsere Dienste nutzen \u00fcbermittelt das Ger\u00e4t, mit dem Sie die Seite aufrufen, automatisch Log-Daten (Verbindungsdaten) an unsere Server. Log-Daten enthalten die IP-Adresse des Ger\u00e4tes, mit dem Sie auf die Website oder einen Dienst zugreifen, die Art des Browsers, mit dem Sie zugreifen, die Seite, die Sie zuvor besucht haben, Ihre Systemkonfiguration sowie Datum und Zeitangaben. Die IP-Adressen werden nur gespeichert soweit es zur Erbringung unserer Dienste erforderlich ist. Ansonsten werden die IP-Adressen gel\u00f6scht oder anonymisiert. Ihre IP-Adresse beim Besuch unserer Website speichern wir zur Erkennung und Abwehr von Angriffen maximal 7 Tage.<br \/> Wenn Sie Informationen anfordern oder andere Anfragen stellen, fragen wir Sie nach Ihrem Namen und anderen pers\u00f6nlichen Informationen. Es unterliegt Ihrer freien Entscheidung, ob Sie diese Daten eingeben. Ihre Angaben speichern wir auf besonders gesch\u00fctzten Servern der Firma Worldsoft AG in der Schweiz. Die EU-Kommission hat der Schweiz nach entsprechender Pr\u00fcfung ein dem EU-Recht vergleichbares Datenschutzniveau attestiert. Eine Daten\u00fcbermittlung von der EU in die Schweiz ist datenschutzrechtlich zul\u00e4ssig. Wir haben mit Worldsoft einen Vertrag zur Auftragsdatenverarbeitung abgeschlossen. Der Zugriff darauf ist nur wenigen, befugten Personen m\u00f6glich. Diese sind f\u00fcr die technische, kaufm\u00e4nnische oder redaktionelle Betreuung der Inhalte und Server zust\u00e4ndig.<br \/> Soweit die Nutzungs- beziehungsweise Verkehrsdaten f\u00fcr unsere Dienste erforderlich sind werden sie l\u00e4ngstens bis zu sechs Monate nach Erhebung der Daten gespeichert. Wir verarbeiten Ihre personenbezogenen Daten (Anrede, Name, Firma, e-Mailadresse, Telefonnummer, pers\u00f6nliche Nachricht, IP-Adresse) soweit erforderlich, f\u00fcr die Dauer der gesamten Gesch\u00e4ftsbeziehung (von der Anbahnung, Abwicklung bis zur Beendigung eines Vertrags) sowie dar\u00fcber hinaus gem\u00e4\u00df den gesetzlichen Aufbewahrungs- und Dokumentationspflichten, die sich u.a. aus dem Unternehmensgesetzbuch (UGB), der Bundesabgabenordnung (BAO) ergeben sowie bis zur Beendigung eines allf\u00e4lligen Rechtsstreits, fortlaufender Gew\u00e4hrleistungs- und Garantiefristen usw. Diese Daten sind jedoch gesperrt und nur wenigen, befugten Personen \u00fcber Passw\u00f6rter zug\u00e4nglich.<\/p>\n<p>4. Weitergabe personenbezogener Daten an Dritte<br \/> Im Rahmen der Betreibung unserer Websites beauftragen wir Dienstleister, die im Zuge ihrer T\u00e4tigkeiten Zugriff auf Ihre personenbezogenen Daten erlangen k\u00f6nnen, sofern diese die Daten zur Erf\u00fcllung ihrer jeweiligen Leistung ben\u00f6tigen. Diese haben sich zur Einhaltung der geltenden daten-schutzrechtlichen Bestimmungen uns gegen\u00fcber verpflichtet. Es wurden Auftragsverarbeitungsvertr\u00e4ge gem\u00e4\u00df Art 28 DSGVO abgeschlossen. N\u00e4here Informationen zu den von uns beauftragten Auftragsverarbeitern k\u00f6nnen Sie unter dsgvo@pinczolitsch.at anfragen.<br \/> Wir geben die Daten nicht ohne Ihre ausdr\u00fcckliche Einwilligung an Dritte weiter. Soweit wir gesetzlich oder per Gerichtsbeschluss dazu verpflichtet sind, werden wir Ihre Daten an auskunftsberechtigte Stellen \u00fcbermitteln.<\/p>\n<p>5. Kontaktformular<br \/> Ihre Angaben, inklusive pers\u00f6nlicher Daten, aus unserem Kontaktformular werden zur Bearbeitung Ihrer Anfrage \u00fcber OASIS an uns \u00fcbermittelt, weiterverarbeitet und bei uns gespeichert. Diese Daten werden ohne Ihre Einverst\u00e4ndniserkl\u00e4rung nicht erhoben oder weitergegeben. Ohne diese Daten k\u00f6nnen wir Ihre Anfragen nicht bearbeiten.<br \/> Die Datenverarbeitung erfolgt auf Basis der gesetzlichen Bestimmungen des \u00a7 96 Abs 3 TKG sowie des Art 6 Abs 1 lit a (Einwilligung) DSGVO.<\/p>\n<p>6. Einsatz von Cookies<br \/> Cookies k\u00f6nnen auf unserer Internetplattform auf vielf\u00e4ltige Art und Weise zum Einsatz kommen. Cookies sind kleine Textinformationen, die eine Wiedererkennung des Nutzers und eine Analyse Ihrer Nutzung unserer Websites m\u00f6glich machen. Die dadurch erzeugten Informationen werden auf den Server des Anbieters \u00fcbertragen und dort gespeichert. Sie dienen dazu, unsere Internetpr\u00e4senz insgesamt nutzerfreundlicher, effektiver sowie sicherer zu machen. Zudem dienen Cookies zur Messung der H\u00e4ufigkeit von Seitenaufrufen und zur allgemeinen Navigation. Durch die Nutzung unserer Website willigen Sie damit ein, dass wir Cookies setzen. Sie k\u00f6nnen in Ihren Browsereinstellungen die Annahme von Cookies verweigern. Wie dies im Einzelnen funktioniert, entnehmen Sie bitte der Anleitung Ihres Browser-Herstellers. Wenn Sie sich gegen bestimmte technische und\/oder funktionelle Cookies entscheiden, k\u00f6nnte die Funktionalit\u00e4t unserer Website eventuell eingeschr\u00e4nkt werden. Einige Cookies bleiben auf Ihrem Endger\u00e4t gespeichert, bis Sie diese l\u00f6schen.<\/p>\n<p>Das sind Cookies die vom Wordsoft-CMS, mit dem diese Website erstellt ist, je nach den eingesetzten Modulen genutzt werden:<\/p>\n<p>Usercookie \u00a0365 Tage \u00a0Angemeldeter User<br \/> session_name \u00a015 Min. \u00a0Session<br \/> wslanguage \u00a015 Min. \u00a0Gew\u00e4hlte Sprache<br \/> install_language* \u00a015 Min. \u00a0Sprache der CMS-Installation<br \/> ws_delayedPopup_* \u00a01825 Tage \u00a0Popup nur einmal zeigen<br \/> wspollsvoterid \u00a030 Tage \u00a0Umfrage\/nur eine Antwort m\u00f6glich<br \/> reseller_nr \u00a090 Tage \u00a0Bestimmung des Resellers<br \/> wsshopbasketid \u00a030 Tage \u00a0Shop Modul \u2013 Warenkorb<br \/> wsvote_* \u00a015 Min. \u00a0Voting Modul Erstanbieter<\/p>\n<p>Wir haben mit dem Anbieter einen entsprechenden Vertrag zur Auftragsdatenverarbeitung abgeschlossen. Diese haben sich zur Einhaltung der geltenden datenschutzrechtlichen Bestimmungen uns gegen\u00fcber verpflichtet. N\u00e4here Informationen zu den von uns beauftragten Auftragsverarbeitern k\u00f6nnen Sie unter dsgvo@pinczolitsch.at anfragen.<\/p>\n<p>7. Links zu anderen Websites<br \/> Unser Online-Angebot enth\u00e4lt Links zu anderen Websites. Wir haben keinen Einfluss darauf, dass deren Betreiber die Datenschutzbestimmungen einhalten.<\/p>\n<p>8. OASIS und Newsletter<br \/> Diese Website nutzt OASIS. Anbieter ist die Worldsoft AG, Churerstrasse 158, 8808 Pf\u00e4ffikon, Schweiz.<br \/> OASIS ist ein CRM (Customer Relationship Management), mit dem Daten organisiert und analysiert werden kann.<br \/> Wenn Sie uns Ihre personenbezogenen Daten \u00fcber ein Web-Formular oder bei einer Bestellung \u00fcbermitteln, werden diese Daten auf den Servern der Worldsoft AG in der Schweiz gespeichert. Die EU-Kommission hat der Schweiz nach entsprechender Pr\u00fcfung ein dem EU-Recht vergleichbares Datenschutzniveau attestiert. Eine Daten\u00fcbermittlung von der EU in die Schweiz ist datenschutzrechtlich zul\u00e4ssig. Wir haben mit Worldsoft einen Vertrag zur Auftragsdatenverarbeitung abgeschlossen. Wir weisen Sie vor der \u00dcbermittlung Ihrer Daten auf unsere Datenschutzbestimmungen hin. Mit der \u00dcbermittlung der Daten willigen Sie ein, dass wir Ihre personenbezogenen Daten, im Rahmen der gesetzlichen Regelungen, erheben, verarbeiten und nutzen d\u00fcrfen.<br \/> Der Zweck der Verwendung ergibt sich aus dem Zusammenhang bei der \u00dcbermittlung Ihrer Daten. Ihre Daten werden f\u00fcr den Zweck verwendet, f\u00fcr den diese urspr\u00fcnglich erhoben worden sind. Beispiel: Bestellen Sie auf unserer Website ein Produkt, werden Ihre Daten zur Erstellung und den Versand der Rechnung und f\u00fcr evtl. R\u00fcckfragen verwendet.<\/p>\n<p>Rechtsgrundlage<br \/> Die Datenverarbeitung erfolgt auf Grundlage Ihrer Einwilligung (Art. 6 Abs. 1 lit. a DSGVO). Sie k\u00f6nnen diese Einwilligung jederzeit widerrufen. Die Rechtm\u00e4\u00dfigkeit der bereits erfolgten Datenverarbeitungsvorg\u00e4nge bleibt vom Widerruf unber\u00fchrt.<\/p>\n<p>Datenanalyse durch OASIS<br \/> OASIS erm\u00f6glicht es uns Interessenten und Kunden zu erfassen. Dabei lassen sich die Adresseintr\u00e4ge nach Ihren eingegebenen Daten unterteilen.<\/p>\n<p>Speicherdauer<br \/> Die von Ihnen bei uns hinterlegten Daten werden bis zum Widerruf Ihrer Einwilligung gespeichert. Nach Widerruf der Einwilligung werden Ihre Daten sowohl von unseren Servern als auch von den Servern der Worldsoft AG gel\u00f6scht. N\u00e4heres entnehmen Sie den Datenschutzbestimmungen der Worldsoft AG unter: https:\/\/www.worldsoft.info\/5765.<\/p>\n<p>Newsletterdaten<br \/> Mit OASIS kann u.a. der Versand von Newslettern organisiert und analysiert werden kann. Die von Ihnen zum Zwecke des Newsletterbezugs eingegebenen Daten werden auf den Servern der Worldsoft AG gespeichert.<br \/> Wenn Sie den auf der Website angebotenen Newsletter beziehen m\u00f6chten, ben\u00f6tigen wir von Ihnen eine E-Mail-Adresse, oder Telefonnummer f\u00fcr SMS, sowie Informationen, welche uns die \u00dcberpr\u00fcfung gestatten, dass Sie der Inhaber der angegebenen E-Mail-Adresse bzw. Telefonnummer sind und mit dem Empfang des Newsletters einverstanden sind. Weitere Daten werden nicht bzw. nur auf freiwilliger Basis erhoben. Diese Daten verwenden wir ausschlie\u00dflich f\u00fcr den Versand der angeforderten Informationen und geben diese nicht an Dritte weiter.<br \/> Die von Ihnen zum Zwecke des Newsletterbezugs eingegeben Daten werden auf den Servern der Worldsoft AG gespeichert.<br \/> Die Verarbeitung der in das Newsletteranmeldeformular eingegebenen Daten erfolgt ausschlie\u00dflich auf Grundlage Ihrer Einwilligung (Art. 6 Abs. 1 lit. a DSGVO). Die erteilte Einwilligung zur Speicherung der Daten, der E-Mail-Adresse sowie deren Nutzung zum Versand des Newsletters k\u00f6nnen Sie jederzeit widerrufen, etwa \u00fcber den &#8222;Austragen&#8221;-Link im Newsletter. Die Rechtm\u00e4\u00dfigkeit der bereits erfolgten Datenverarbeitungsvorg\u00e4nge bleibt vom Widerruf unber\u00fchrt.<br \/> Die von Ihnen zum Zwecke des Newsletter-Bezugs bei uns hinterlegten Daten werden von uns bis zu Ihrer Austragung aus dem Newsletter gespeichert und nach der Abbestellung des Newsletters gel\u00f6scht. Daten, die zu anderen Zwecken bei uns gespeichert wurden (z.B. E-Mail-Adressen f\u00fcr den Mitgliederbereich) bleiben hiervon unber\u00fchrt.<\/p>\n<p>Datenanalyse durch OASIS<br \/> Wenn wir Newsletter mit Hilfe von OASIS versenden, k\u00f6nnen wir feststellen, ob eine Newsletter-Nachricht ge\u00f6ffnet und welche Links ggf. angeklickt wurden.<br \/> OASIS erm\u00f6glicht es uns auch, die Newsletter-Empf\u00e4nger anhand verschiedener Kategorien zu unterteilen (sog. Tagging). Dabei lassen sich die Newsletterempf\u00e4nger nach Ihren eingegebenen Daten unterteilen. Auf diese Weise lassen sich die Newsletter besser an die jeweiligen Zielgruppen anpassen. N\u00e4here Informationen erhalten Sie unter: https:\/\/www.worldsoft.info\/5243\/wbs<br \/> Wenn Sie keine Analyse durch OASIS wollen, m\u00fcssen Sie daher den Newsletter abbestellen. Hierf\u00fcr stellen wir in jeder Newsletternachricht einen entsprechenden Link zur Verf\u00fcgung.<br \/> Daten, die zu anderen Zwecken bei uns gespeichert wurden (z.B. E-Mail-Adressen f\u00fcr den Mitgliederbereich, Adressangaben f\u00fcr die Rechnungserstellung) bleiben hiervon unber\u00fchrt.<\/p>\n<p>9. Plugins und Tools<br \/> Google Web Fonts<br \/> Diese Seite nutzt zur einheitlichen Darstellung von Schriftarten so genannte Web Fonts von Google. Beim Aufruf einer Seite l\u00e4dt Ihr Browser die ben\u00f6tigten Web Fonts in ihren Browsercache, um Texte und Schriftarten korrekt anzuzeigen.<br \/> Zu diesem Zweck nimmt der von Ihnen verwendete Browser jedoch nicht Verbindung zu den Servern von Google auf, sondern greift auf die Server von Worldsoft in der Schweiz zu. Dadurch erlangt Google keine Kenntnis dar\u00fcber, dass \u00fcber Ihre IP-Adresse unsere Website aufgerufen wurde.<br \/> Die Nutzung von Google Web Fonts erfolgt im Interesse einer einheitlichen und ansprechenden Darstellung unserer Online-Angebote. Wenn Ihr Browser Web Fonts nicht unterst\u00fctzt, wird eine Standardschrift von Ihrem Computer genutzt.<\/p>\n<p>Google reCAPTCHA<br \/> Wir nutzen \u201cGoogle reCAPTCHA\u201d (im Folgenden \u201creCAPTCHA\u201d) auf unseren Websites. Anbieter ist die Google Inc., 1600 Amphitheatre Parkway, Mountain View, CA 94043, USA (\u201cGoogle\u201d).<br \/> Mit reCAPTCHA soll \u00fcberpr\u00fcft werden, ob die Dateneingabe auf unseren Websites (z.B. in einem Kontaktformular) durch einen Menschen oder durch ein automatisiertes Programm erfolgt. Hierzu analysiert reCAPTCHA das Verhalten des Websitebesuchers anhand verschiedener Merkmale. Diese Analyse beginnt automatisch, sobald der Websitebesucher die Website betritt. Zur Analyse wertet reCAPTCHA verschiedene Informationen aus (z.B. IP-Adresse, Verweildauer des Websitebesuchers auf der Website oder vom Nutzer get\u00e4tigte Mausbewegungen). Die bei der Analyse erfassten Daten werden an Google weitergeleitet.<br \/> Die reCAPTCHA-Analysen laufen vollst\u00e4ndig im Hintergrund. Websitebesucher werden nicht darauf hingewiesen, dass eine Analyse stattfindet.<br \/> Die Datenverarbeitung erfolgt auf Grundlage von Art. 6 Abs. 1 lit. f DSGVO. Der Websitebetreiber hat ein berechtigtes Interesse daran, seine Webangebote vor missbr\u00e4uchlicher automatisierter Aussp\u00e4hung und vor SPAM zu sch\u00fctzen.<br \/> Weitere Informationen zu Google reCAPTCHA sowie die Datenschutzerkl\u00e4rung von Google entnehmen Sie folgenden Links: https:\/\/www.google.com\/intl\/de\/policies\/privacy\/\u00a0 und https:\/\/www.google.com\/recaptcha\/intro\/android.html .<\/p>\n<p>Google Maps<br \/> Diese Seite nutzt \u00fcber eine API den Kartendienst Google Maps. Anbieter ist die Google Inc., 1600 Amphitheatre Parkway, Mountain View, CA 94043, USA.<br \/> Zur Nutzung der Funktionen von Google Maps ist es notwendig, Ihre IP Adresse zu speichern. Diese Informationen werden in der Regel an einen Server von Google in den USA \u00fcbertragen und dort gespeichert. Der Anbieter dieser Seite hat keinen Einfluss auf diese Daten\u00fcbertragung.<br \/> Die Nutzung von Google Maps erfolgt im Interesse einer ansprechenden Darstellung unserer Online-Angebote und an einer leichten Auffindbarkeit der von uns auf der Website angegebenen Orte. Dies stellt ein berechtigtes Interesse im Sinne von Art. 6 Abs. 1 lit. f DSGVO dar.<br \/> Mehr Informationen zum Umgang mit Nutzerdaten finden Sie in der Datenschutzerkl\u00e4rung von Google: https:\/\/www.google.de\/intl\/de\/policies\/privacy\/ .<\/p>\n<p>10. Einwilligung und Recht auf Widerruf<br \/> Ist f\u00fcr die Verarbeitung Ihrer Daten Ihre Zustimmung notwendig, verarbeiten wir diese erst nach Ihrer ausdr\u00fccklichen Zustimmung.<br \/> Grunds\u00e4tzlich verarbeiten wir keine Daten minderj\u00e4hriger Personen und sind dazu auch nicht befugt. Mit der Abgabe Ihrer Zustimmung best\u00e4tigen Sie, dass Sie das 14. Lebensjahr vollendet haben oder die Zustimmung Ihres gesetzlichen Vertreters vorliegt.<br \/> Ihre Zustimmung k\u00f6nnen Sie jederzeit unter folgender E-Mail Adresse widerrufen: dsgvo@pinczolitsch.at . In einem solchen Fall werden die bisher \u00fcber Sie gespeicherten Daten anonymisiert und in weiterer Folge lediglich f\u00fcr statistische Zwecke ohne Personenbezug weiter-verwendet. Mittels des Widerrufs der Zustimmung wird die Rechtm\u00e4\u00dfigkeit der aufgrund der Zustimmung bis zum Widerruf erfolgten Verarbeitung nicht ber\u00fchrt.<\/p>\n<p>11. Datensicherheit<br \/> Die Verantwortlichen gem. Pkt. 2. setzen technische und organisatorische Sicherheitsma\u00dfnahmen ein, um die gespeicherten personenbezogenen Daten gegen zuf\u00e4llige oder vors\u00e4tzliche Manipulation, Verlust oder Zerst\u00f6rung und gegen den Zugriff unberechtigter Personen zu sch\u00fctzen. Unsere Sicherheitsma\u00dfnahmen werden entsprechend des technischen Fortschritts fortlaufend verbessert.<\/p>\n<p>12. Ihre Rechte<br \/> Sie haben jederzeit das Recht auf Auskunft seitens des Verantwortlichen siehe Pkt. 2 \u00fcber die betreffenden personenbezogenen Daten. Soweit keine gesetzliche Aufbewahrungspflicht besteht, haben Sie das Recht auf L\u00f6schung dieser Daten sowie Widerspruch gegen die Verarbeitung. Ferner haben Sie das Recht auf Berichtigung der Daten sowie auf Einschr\u00e4nkung der Verarbeitung, auf Daten\u00fcbertragbarkeit sowie auf Beschwerde bei der \u00d6sterreichischen Datenschutzbeh\u00f6rde (Wickenburggasse 8-10, 1080 Wien, E-Mail: dsb@dsb.gv.at).<\/p>\n<p>Wenden Sie sich bez\u00fcglich Ihrer Rechte bitte an uns unter dsgvo@pinczolitsch.at oder kontaktieren Sie uns unter:<br \/> Pinczolitsch Ges.m.b.H.<br \/> Hr. Ewald Mogg<br \/> Datenschutzverantwortlicher<br \/> Tel.: +43\/2682\/63631-0<br \/> Fax: +43\/2682\/63631-20<\/p>\n<p>[\/et_pb_text][\/et_pb_column][\/et_pb_row][\/et_pb_section]<\/p>\n","protected":false},"excerpt":{"rendered":"<p>zur\u00fcckIMPRESSUM ImpressumPINCZOLITSCH GmbHmetallstark A-7051 Gro\u00dfh\u00f6flein, Gusswerkstra\u00dfe 2Telefon: +43 (0) 2682 63631-0Fax: +43 (0) 2682 63631-20E-Mail: info@metallstark.atwww.metallstark.at Gesch\u00e4ftsf\u00fchrer: Ing. Harald Marczinyas, Ewald MoggUID:\u00a0ATU66937639FN: 372291mGerichtsstand: Eisenstadt F\u00fcr den Inhalt verantwortlich: Ing. Harald Marczinyas Urheberrecht und Linkhaftung Wir schlie\u00dfen jegliche Haftung \u2013 insbesondere f\u00fcr eventuelle Sch\u00e4den oder Konsequenzen, die durch die Nutzung der auf diesem Server dargestellten Inhalte entstehen \u2013 aus. Es wird keine Haftung f\u00fcr die Vollst\u00e4ndigkeit oder Richtigkeit der dargestellten Daten \u00fcbernommen. Es kann auch keine Haftung daf\u00fcr \u00fcbernommen werden, dass diese Daten frei von Rechten Dritter sind. Wir haben keinen Einfluss auf die Inhalte externer Webseiten. Aus dieser Website hinausf\u00fchrende Hyperlinks wurden nach Ansicht der verlinkten Seiten erstellt. Allerdings unterliegen Webseiten h\u00e4ufigen Ver\u00e4nderungen. Sollte deshalb ein externer Link nicht funktionieren oder nicht zum angegebenen Ziel f\u00fchren, teilen Sie uns das bitte mit \u2013 wir korrigieren etwaige Fehler gerne. Sollten Sie Grund zur Beanstandung \u00fcber Inhalte auf einer verlinkten Seite haben, setzen sie sich bitte mit dem Betreiber dieser Seite in Verbindung. Der gesamte Inhalt dieses Servers unterliegt dem Urheberrecht, insbesondere alle Grafiken, Fotos, Buttons und sonstigen Gestaltungselemente.Datenschutz Datenschutzerkl\u00e4rung&nbsp; Wir freuen uns \u00fcber Ihr Interesse an unserer Website. Der Schutz Ihrer personenbezogenen Daten bei der Erhebung, Verarbeitung und Nutzung anl\u00e4sslich Ihres [&hellip;]<\/p>\n","protected":false},"author":1,"featured_media":0,"parent":0,"menu_order":8,"comment_status":"closed","ping_status":"closed","template":"","meta":{"_et_pb_use_builder":"on","_et_pb_old_content":"","_et_gb_content_width":"","footnotes":""},"class_list":["post-3081","page","type-page","status-publish","hentry"],"_links":{"self":[{"href":"https:\/\/www.metallstark.at\/hu\/wp-json\/wp\/v2\/pages\/3081","targetHints":{"allow":["GET"]}}],"collection":[{"href":"https:\/\/www.metallstark.at\/hu\/wp-json\/wp\/v2\/pages"}],"about":[{"href":"https:\/\/www.metallstark.at\/hu\/wp-json\/wp\/v2\/types\/page"}],"author":[{"embeddable":true,"href":"https:\/\/www.metallstark.at\/hu\/wp-json\/wp\/v2\/users\/1"}],"replies":[{"embeddable":true,"href":"https:\/\/www.metallstark.at\/hu\/wp-json\/wp\/v2\/comments?post=3081"}],"version-history":[{"count":2,"href":"https:\/\/www.metallstark.at\/hu\/wp-json\/wp\/v2\/pages\/3081\/revisions"}],"predecessor-version":[{"id":3938,"href":"https:\/\/www.metallstark.at\/hu\/wp-json\/wp\/v2\/pages\/3081\/revisions\/3938"}],"wp:attachment":[{"href":"https:\/\/www.metallstark.at\/hu\/wp-json\/wp\/v2\/media?parent=3081"}],"curies":[{"name":"wp","href":"https:\/\/api.w.org\/{rel}","templated":true}]}}